{"id":3941,"date":"2010-10-02T07:56:28","date_gmt":"2010-10-02T06:56:28","guid":{"rendered":"http:\/\/www.frederic-poitou.com\/blog\/?page_id=3941"},"modified":"2019-09-09T17:22:53","modified_gmt":"2019-09-09T15:22:53","slug":"accueil","status":"publish","type":"page","link":"http:\/\/www.frederic-poitou.com\/blog\/","title":{"rendered":"ACCUEIL"},"content":{"rendered":"<h2><span style=\"color: #333333;\"><strong>L&rsquo;IMPERTINENCE CONSTRUCTIVE.<\/strong><\/span><\/h2>\n<p>Notre comportement est empli de r\u00e9actions \u00e9videntes, pr\u00e9visibles, \u00abinscrites\u00bb qui r\u00e9sultent de raisonnements quasi automatiques, r\u00e9flexes appris par r\u00e9p\u00e9titions. Nos croyances et ce que l\u2019on nous a enseign\u00e9 structurent notre pens\u00e9e depuis notre enfance, cristallisant sous l\u2019effet de l\u2019habitude jusqu\u2019\u00e0 devenir une seconde nature : c\u2019est ainsi qu\u2019un esprit se scl\u00e9rose, et pr\u00e9f\u00e8re la confortable inertie du pr\u00e9jug\u00e9 au risque progressiste de l\u2019inconnu. <b>Penser <\/b>diff\u00e9remment, c\u2019est oser <b>\u00eatre <\/b>diff\u00e9rent, affirmer notre identit\u00e9 face \u00e0 celle de nos voisins, nos amis, nos politiques.\u00a0La v\u00e9rit\u00e9 n&rsquo;est pas immuable, elle bouge, \u00e9volue, avance. Et m\u00eame si les prises de positions en rupture ouvrent souvent devant nous des espaces qui font peur, d\u00e8s qu&rsquo;on les a os\u00e9es, elles lib\u00e8rent.<\/p>\n<p>Tous autour de vous regardent le doigt du Sage ? Osez regarder ce que le doigt pointait, c&rsquo;est peut \u00eatre l\u00e0 que se trouve ce sur quoi le Sage souhaitait attirer votre attention.<\/p>\n<p>Soyez disruptifs &#8211; <em>le terme est \u00e0 la mode<\/em> -, provocants, transgressifs, iconoclastes. Les ic\u00f4nes n&rsquo;existent que pour \u00eatre contest\u00e9es. Seules les Lois r\u00e9gissant notre espace de vie commun doivent \u00eatre respect\u00e9es car elles ordonnent la soci\u00e9t\u00e9 dans laquelle nous vivons ensembles. Les v\u00e9rit\u00e9s qui voudraient enfermer notre pens\u00e9e limitent notre libert\u00e9 de conscience. Aucun postulat ne doit \u00eatre accept\u00e9 comme tel. Il n&rsquo;y a que l&rsquo;expression empirique de notre raison et de nos exp\u00e9riences existentielles pour construire nos convictions en dehors de toute forme de dogme.<\/p>\n<p>Contredire son chef, affirmer l&rsquo;inutilit\u00e9 d&rsquo;une r\u00e9union ou d&rsquo;une prise de position convenue puis proposer des alternatives nous rend constructif. Selon un principe inversant une publicit\u00e9 des ann\u00e9es soixante : \u00ab\u00a0<em>Les droits ne s&rsquo;usent que si l&rsquo;on ne s&rsquo;en sert pas<\/em>\u00ab\u00a0. Se servir des portes d&rsquo;entr\u00e9e que l&rsquo;on a pour d\u00e9fendre des positions face \u00e0 ceux qui en d\u00e9finissent les r\u00e8gles porte un nom : Le <span style=\"color: #3366ff;\"><a style=\"color: #3366ff;\" href=\"http:\/\/www.euro-pa.fr\" target=\"_blank\" rel=\"noopener noreferrer\">lobbying<\/a><\/span>. C&rsquo;est un m\u00e9tier qui peut \u00eatre parfaitement noble selon les causes que l&rsquo;on d\u00e9fend. Pour ma part, plut\u00f4t que d\u00e9fendre les int\u00e9r\u00eats des grands groupes de la chimie avec les b\u00e9n\u00e9fices financiers que \u00e7a aurait pu me rapporter, j&rsquo;ai d\u00e9cid\u00e9 de m&rsquo;y opposer quasi b\u00e9n\u00e9volement en d\u00e9fendant la chimie propre, la chimie verte, ce qui signifie <em>\u00ab\u00a0adapter les proc\u00e9d\u00e9s industriels chimiques pour les rendre durables\u00a0\u00bb<\/em>. Je me bats contre les perturbateurs endocriniens, les nanoparticules, les rejets industriels, et bien \u00e9videment le glyphosate. C&rsquo;est un engagement politique et philosophique, que tous les citoyens peuvent aussi mettre en oeuvre dans le cadre constructif de ce que l&rsquo;on appelle \u00ab\u00a0<span style=\"color: #3366ff;\"><a style=\"color: #3366ff;\" href=\"http:\/\/docs.eclm.fr\/pdf_livre\/365PlaidoyerPourUnContreLobbyingCitoyen.pdf\" target=\"_blank\" rel=\"noopener noreferrer\">le contre-lobbying citoyen<\/a><\/span>\u00ab\u00a0. De nombreux outils qui le permettent, c&rsquo;est la pens\u00e9e Humaniste issue des Lumi\u00e8res qui nous l&rsquo;impose qui affirme la valeur de l\u2019individu plut\u00f4t que celle de l\u2019Etat, celle de la r\u00e9flexion plut\u00f4t que celle du dogme, celle du combat contre d\u00e9terministe plus que de l&rsquo;acceptation de l&rsquo;in\u00e9luctable.<\/p>\n<h2 style=\"text-align: right;\"><span style=\"color: #333333;\"><strong>THINK OUT OF THE BOX !<\/strong><\/span><\/h2>\n<p><span style=\"color: #3366ff;\"><a style=\"color: #3366ff;\" href=\"http:\/\/www.frederic-poitou.com\/blog\/engagement-politique\/\" target=\"_blank\" rel=\"noopener noreferrer\"><em>Engagement politique<\/em><\/a><\/span><\/p>\n<p><a href=\"http:\/\/www.frederic-poitou.com\/blog\/engagement-politique\/\" target=\"_blank\" rel=\"noopener noreferrer\"><img loading=\"lazy\" decoding=\"async\" class=\"wp-image-8655 alignleft\" src=\"http:\/\/www.frederic-poitou.com\/blog\/wp-content\/2019\/09\/Logo_Mouvement_radical_social-lib\u00e9ral_MRSL.png\" alt=\"\" width=\"86\" height=\"25\" srcset=\"http:\/\/www.frederic-poitou.com\/blog\/wp-content\/2019\/09\/Logo_Mouvement_radical_social-lib\u00e9ral_MRSL.png 700w, http:\/\/www.frederic-poitou.com\/blog\/wp-content\/2019\/09\/Logo_Mouvement_radical_social-lib\u00e9ral_MRSL-300x88.png 300w\" sizes=\"auto, (max-width: 86px) 100vw, 86px\" \/><\/a><a href=\"http:\/\/www.frederic-poitou.com\/blog\/engagement-politique\/\" target=\"_blank\" rel=\"noopener noreferrer\"><img loading=\"lazy\" decoding=\"async\" class=\"wp-image-8657 alignleft\" src=\"http:\/\/www.frederic-poitou.com\/blog\/wp-content\/2019\/09\/Logo_MR_officiel.jpg\" alt=\"\" width=\"80\" height=\"22\" srcset=\"http:\/\/www.frederic-poitou.com\/blog\/wp-content\/2019\/09\/Logo_MR_officiel.jpg 1600w, http:\/\/www.frederic-poitou.com\/blog\/wp-content\/2019\/09\/Logo_MR_officiel-300x83.jpg 300w, http:\/\/www.frederic-poitou.com\/blog\/wp-content\/2019\/09\/Logo_MR_officiel-1024x284.jpg 1024w\" sizes=\"auto, (max-width: 80px) 100vw, 80px\" \/><\/a><a href=\"http:\/\/www.frederic-poitou.com\/blog\/engagement-politique\/\" target=\"_blank\" rel=\"noopener noreferrer\"><img loading=\"lazy\" decoding=\"async\" class=\"wp-image-8668 alignleft\" src=\"http:\/\/www.frederic-poitou.com\/blog\/wp-content\/2019\/09\/ALDE.png\" alt=\"\" width=\"47\" height=\"31\" srcset=\"http:\/\/www.frederic-poitou.com\/blog\/wp-content\/2019\/09\/ALDE.png 400w, http:\/\/www.frederic-poitou.com\/blog\/wp-content\/2019\/09\/ALDE-300x200.png 300w\" sizes=\"auto, (max-width: 47px) 100vw, 47px\" \/><\/a><\/p>\n<p style=\"text-align: left;\">\n","protected":false},"excerpt":{"rendered":"<p>L&rsquo;IMPERTINENCE CONSTRUCTIVE. Notre comportement est empli de r\u00e9actions \u00e9videntes, pr\u00e9visibles, \u00abinscrites\u00bb qui r\u00e9sultent de raisonnements quasi automatiques, r\u00e9flexes appris par r\u00e9p\u00e9titions. Nos croyances et ce que l\u2019on nous a enseign\u00e9 structurent notre pens\u00e9e depuis notre enfance, cristallisant sous l\u2019effet de &hellip; <a href=\"http:\/\/www.frederic-poitou.com\/blog\/\">Lire la suite\u00ad\u00ad<\/a><\/p>\n","protected":false},"author":4,"featured_media":0,"parent":0,"menu_order":0,"comment_status":"open","ping_status":"open","template":"","meta":{"kt_blocks_editor_width":"","_exactmetrics_skip_tracking":false,"_exactmetrics_sitenote_active":false,"_exactmetrics_sitenote_note":"","_exactmetrics_sitenote_category":0,"footnotes":""},"class_list":["post-3941","page","type-page","status-publish","hentry"],"yoast_head":"<!-- This site is optimized with the Yoast SEO plugin v27.1.1 - https:\/\/yoast.com\/product\/yoast-seo-wordpress\/ -->\n<title>ACCUEIL -<\/title>\n<meta name=\"robots\" content=\"index, follow, max-snippet:-1, max-image-preview:large, max-video-preview:-1\" \/>\n<link rel=\"canonical\" href=\"http:\/\/www.frederic-poitou.com\/blog\/\" \/>\n<meta property=\"og:locale\" content=\"fr_FR\" \/>\n<meta property=\"og:type\" content=\"article\" \/>\n<meta property=\"og:title\" content=\"ACCUEIL -\" \/>\n<meta property=\"og:description\" content=\"L&rsquo;IMPERTINENCE CONSTRUCTIVE. Notre comportement est empli de r\u00e9actions \u00e9videntes, pr\u00e9visibles, \u00abinscrites\u00bb qui r\u00e9sultent de raisonnements quasi automatiques, r\u00e9flexes appris par r\u00e9p\u00e9titions. Nos croyances et ce que l\u2019on nous a enseign\u00e9 structurent notre pens\u00e9e depuis notre enfance, cristallisant sous l\u2019effet de &hellip; Lire la suite\u00ad\u00ad\" \/>\n<meta property=\"og:url\" content=\"http:\/\/www.frederic-poitou.com\/blog\/\" \/>\n<meta property=\"article:publisher\" content=\"https:\/\/www.facebook.com\/frederic.poitou\/\" \/>\n<meta property=\"article:modified_time\" content=\"2019-09-09T15:22:53+00:00\" \/>\n<meta property=\"og:image\" content=\"http:\/\/www.frederic-poitou.com\/blog\/wp-content\/2019\/09\/Logo_MR_officiel.jpg\" \/>\n<meta name=\"twitter:card\" content=\"summary_large_image\" \/>\n<meta name=\"twitter:site\" content=\"@fredericpoitou\" \/>\n<meta name=\"twitter:label1\" content=\"Dur\u00e9e de lecture estim\u00e9e\" \/>\n\t<meta name=\"twitter:data1\" content=\"3 minutes\" \/>\n<script type=\"application\/ld+json\" class=\"yoast-schema-graph\">{\"@context\":\"https:\/\/schema.org\",\"@graph\":[{\"@type\":\"WebPage\",\"@id\":\"http:\/\/www.frederic-poitou.com\/blog\/\",\"url\":\"http:\/\/www.frederic-poitou.com\/blog\/\",\"name\":\"ACCUEIL -\",\"isPartOf\":{\"@id\":\"http:\/\/www.frederic-poitou.com\/blog\/#website\"},\"primaryImageOfPage\":{\"@id\":\"http:\/\/www.frederic-poitou.com\/blog\/#primaryimage\"},\"image\":{\"@id\":\"http:\/\/www.frederic-poitou.com\/blog\/#primaryimage\"},\"thumbnailUrl\":\"http:\/\/www.frederic-poitou.com\/blog\/wp-content\/2019\/09\/Logo_MR_officiel.jpg\",\"datePublished\":\"2010-10-02T06:56:28+00:00\",\"dateModified\":\"2019-09-09T15:22:53+00:00\",\"breadcrumb\":{\"@id\":\"http:\/\/www.frederic-poitou.com\/blog\/#breadcrumb\"},\"inLanguage\":\"fr-FR\",\"potentialAction\":[{\"@type\":\"ReadAction\",\"target\":[\"http:\/\/www.frederic-poitou.com\/blog\/\"]}]},{\"@type\":\"ImageObject\",\"inLanguage\":\"fr-FR\",\"@id\":\"http:\/\/www.frederic-poitou.com\/blog\/#primaryimage\",\"url\":\"http:\/\/www.frederic-poitou.com\/blog\/wp-content\/2019\/09\/Logo_MR_officiel.jpg\",\"contentUrl\":\"http:\/\/www.frederic-poitou.com\/blog\/wp-content\/2019\/09\/Logo_MR_officiel.jpg\",\"width\":1600,\"height\":444},{\"@type\":\"BreadcrumbList\",\"@id\":\"http:\/\/www.frederic-poitou.com\/blog\/#breadcrumb\",\"itemListElement\":[{\"@type\":\"ListItem\",\"position\":1,\"name\":\"Accueil\",\"item\":\"http:\/\/www.frederic-poitou.com\/blog\/\"},{\"@type\":\"ListItem\",\"position\":2,\"name\":\"ACCUEIL\"}]},{\"@type\":\"WebSite\",\"@id\":\"http:\/\/www.frederic-poitou.com\/blog\/#website\",\"url\":\"http:\/\/www.frederic-poitou.com\/blog\/\",\"name\":\"\",\"description\":\"\",\"potentialAction\":[{\"@type\":\"SearchAction\",\"target\":{\"@type\":\"EntryPoint\",\"urlTemplate\":\"http:\/\/www.frederic-poitou.com\/blog\/?s={search_term_string}\"},\"query-input\":{\"@type\":\"PropertyValueSpecification\",\"valueRequired\":true,\"valueName\":\"search_term_string\"}}],\"inLanguage\":\"fr-FR\"}]}<\/script>\n<!-- \/ Yoast SEO plugin. -->","yoast_head_json":{"title":"ACCUEIL -","robots":{"index":"index","follow":"follow","max-snippet":"max-snippet:-1","max-image-preview":"max-image-preview:large","max-video-preview":"max-video-preview:-1"},"canonical":"http:\/\/www.frederic-poitou.com\/blog\/","og_locale":"fr_FR","og_type":"article","og_title":"ACCUEIL -","og_description":"L&rsquo;IMPERTINENCE CONSTRUCTIVE. Notre comportement est empli de r\u00e9actions \u00e9videntes, pr\u00e9visibles, \u00abinscrites\u00bb qui r\u00e9sultent de raisonnements quasi automatiques, r\u00e9flexes appris par r\u00e9p\u00e9titions. Nos croyances et ce que l\u2019on nous a enseign\u00e9 structurent notre pens\u00e9e depuis notre enfance, cristallisant sous l\u2019effet de &hellip; Lire la suite\u00ad\u00ad","og_url":"http:\/\/www.frederic-poitou.com\/blog\/","article_publisher":"https:\/\/www.facebook.com\/frederic.poitou\/","article_modified_time":"2019-09-09T15:22:53+00:00","og_image":[{"url":"http:\/\/www.frederic-poitou.com\/blog\/wp-content\/2019\/09\/Logo_MR_officiel.jpg","type":"","width":"","height":""}],"twitter_card":"summary_large_image","twitter_site":"@fredericpoitou","twitter_misc":{"Dur\u00e9e de lecture estim\u00e9e":"3 minutes"},"schema":{"@context":"https:\/\/schema.org","@graph":[{"@type":"WebPage","@id":"http:\/\/www.frederic-poitou.com\/blog\/","url":"http:\/\/www.frederic-poitou.com\/blog\/","name":"ACCUEIL -","isPartOf":{"@id":"http:\/\/www.frederic-poitou.com\/blog\/#website"},"primaryImageOfPage":{"@id":"http:\/\/www.frederic-poitou.com\/blog\/#primaryimage"},"image":{"@id":"http:\/\/www.frederic-poitou.com\/blog\/#primaryimage"},"thumbnailUrl":"http:\/\/www.frederic-poitou.com\/blog\/wp-content\/2019\/09\/Logo_MR_officiel.jpg","datePublished":"2010-10-02T06:56:28+00:00","dateModified":"2019-09-09T15:22:53+00:00","breadcrumb":{"@id":"http:\/\/www.frederic-poitou.com\/blog\/#breadcrumb"},"inLanguage":"fr-FR","potentialAction":[{"@type":"ReadAction","target":["http:\/\/www.frederic-poitou.com\/blog\/"]}]},{"@type":"ImageObject","inLanguage":"fr-FR","@id":"http:\/\/www.frederic-poitou.com\/blog\/#primaryimage","url":"http:\/\/www.frederic-poitou.com\/blog\/wp-content\/2019\/09\/Logo_MR_officiel.jpg","contentUrl":"http:\/\/www.frederic-poitou.com\/blog\/wp-content\/2019\/09\/Logo_MR_officiel.jpg","width":1600,"height":444},{"@type":"BreadcrumbList","@id":"http:\/\/www.frederic-poitou.com\/blog\/#breadcrumb","itemListElement":[{"@type":"ListItem","position":1,"name":"Accueil","item":"http:\/\/www.frederic-poitou.com\/blog\/"},{"@type":"ListItem","position":2,"name":"ACCUEIL"}]},{"@type":"WebSite","@id":"http:\/\/www.frederic-poitou.com\/blog\/#website","url":"http:\/\/www.frederic-poitou.com\/blog\/","name":"","description":"","potentialAction":[{"@type":"SearchAction","target":{"@type":"EntryPoint","urlTemplate":"http:\/\/www.frederic-poitou.com\/blog\/?s={search_term_string}"},"query-input":{"@type":"PropertyValueSpecification","valueRequired":true,"valueName":"search_term_string"}}],"inLanguage":"fr-FR"}]}},"_links":{"self":[{"href":"http:\/\/www.frederic-poitou.com\/blog\/wp-json\/wp\/v2\/pages\/3941","targetHints":{"allow":["GET"]}}],"collection":[{"href":"http:\/\/www.frederic-poitou.com\/blog\/wp-json\/wp\/v2\/pages"}],"about":[{"href":"http:\/\/www.frederic-poitou.com\/blog\/wp-json\/wp\/v2\/types\/page"}],"author":[{"embeddable":true,"href":"http:\/\/www.frederic-poitou.com\/blog\/wp-json\/wp\/v2\/users\/4"}],"replies":[{"embeddable":true,"href":"http:\/\/www.frederic-poitou.com\/blog\/wp-json\/wp\/v2\/comments?post=3941"}],"version-history":[{"count":22,"href":"http:\/\/www.frederic-poitou.com\/blog\/wp-json\/wp\/v2\/pages\/3941\/revisions"}],"predecessor-version":[{"id":9329,"href":"http:\/\/www.frederic-poitou.com\/blog\/wp-json\/wp\/v2\/pages\/3941\/revisions\/9329"}],"wp:attachment":[{"href":"http:\/\/www.frederic-poitou.com\/blog\/wp-json\/wp\/v2\/media?parent=3941"}],"curies":[{"name":"wp","href":"https:\/\/api.w.org\/{rel}","templated":true}]}}